{"id":15709,"date":"2022-07-12T10:20:06","date_gmt":"2022-07-12T10:20:06","guid":{"rendered":"https:\/\/www.unicka.it\/lavora-con-noi\/"},"modified":"2023-09-26T11:47:14","modified_gmt":"2023-09-26T11:47:14","slug":"work-with-us","status":"publish","type":"page","link":"https:\/\/www.unicka.it\/en\/work-with-us\/","title":{"rendered":"Work with us"},"content":{"rendered":"<p>[et_pb_section fb_built=&#8221;1&#8243; admin_label=&#8221;Header&#8221; _builder_version=&#8221;4.17.4&#8243; _module_preset=&#8221;default&#8221; use_background_color_gradient=&#8221;on&#8221; background_color_gradient_stops=&#8221;rgba(0,0,0,0.82) 0%|rgba(0,0,0,0.53) 100%&#8221; background_color_gradient_overlays_image=&#8221;on&#8221; background_image=&#8221;https:\/\/www.unicka.it\/wp-content\/uploads\/2022\/07\/unicka-lavora-con-noi.jpg&#8221; animation_style=&#8221;slide&#8221; animation_direction=&#8221;top&#8221; locked=&#8221;off&#8221; global_colors_info=&#8221;{}&#8221;][et_pb_row _builder_version=&#8221;4.16&#8243; _module_preset=&#8221;default&#8221; global_colors_info=&#8221;{}&#8221;][et_pb_column type=&#8221;4_4&#8243; _builder_version=&#8221;4.16&#8243; _module_preset=&#8221;default&#8221; global_colors_info=&#8221;{}&#8221;][et_pb_text _builder_version=&#8221;4.22.1&#8243; _module_preset=&#8221;default&#8221; text_line_height=&#8221;1.8em&#8221; header_font=&#8221;Montserrat|700||on|||||&#8221; header_font_size=&#8221;2.6vw&#8221; header_line_height=&#8221;1.4em&#8221; background_layout=&#8221;dark&#8221; width=&#8221;75%&#8221; hover_enabled=&#8221;0&#8243; header_font_size_tablet=&#8221;4vw&#8221; header_font_size_phone=&#8221;7vw&#8221; header_font_size_last_edited=&#8221;on|phone&#8221; locked=&#8221;off&#8221; global_colors_info=&#8221;{}&#8221; sticky_enabled=&#8221;0&#8243;]<\/p>\n<h1>WORK WITH Unicka<\/h1>\n<p>[\/et_pb_text][\/et_pb_column][\/et_pb_row][\/et_pb_section][et_pb_section fb_built=&#8221;1&#8243; admin_label=&#8221;Contact&#8221; _builder_version=&#8221;4.17.4&#8243; _module_preset=&#8221;default&#8221; background_enable_color=&#8221;off&#8221; use_background_color_gradient=&#8221;on&#8221; background_color_gradient_direction=&#8221;-135deg&#8221; background_color_gradient_stops=&#8221;#0f4dbc 16%|#f6f6f6 16%&#8221; background_color_gradient_overlays_image=&#8221;on&#8221; background_color_gradient_start=&#8221;#1700be&#8221; background_color_gradient_start_position=&#8221;16%&#8221; background_color_gradient_end=&#8221;#ffffff&#8221; background_color_gradient_end_position=&#8221;0%&#8221; background_enable_image=&#8221;off&#8221; animation_style=&#8221;bounce&#8221; animation_direction=&#8221;right&#8221; background_color_tablet=&#8221;#f6f6f6&#8243; background_last_edited=&#8221;on|phone&#8221; background_enable_color_tablet=&#8221;on&#8221; use_background_color_gradient_tablet=&#8221;off&#8221; global_colors_info=&#8221;{}&#8221;][et_pb_row _builder_version=&#8221;4.16&#8243; _module_preset=&#8221;default&#8221; locked=&#8221;off&#8221; global_colors_info=&#8221;{}&#8221;][et_pb_column type=&#8221;4_4&#8243; _builder_version=&#8221;4.16&#8243; _module_preset=&#8221;default&#8221; custom_padding_tablet=&#8221;|||10vw|false|false&#8221; custom_padding_last_edited=&#8221;off|desktop&#8221; global_colors_info=&#8221;{}&#8221;][et_pb_text _builder_version=&#8221;4.21.0&#8243; _module_preset=&#8221;default&#8221; header_2_font=&#8221;Montserrat|600||on|||||&#8221; header_2_text_color=&#8221;#404545&#8243; header_2_font_size=&#8221;30px&#8221; header_2_letter_spacing=&#8221;1px&#8221; header_2_line_height=&#8221;1.2em&#8221; header_3_font=&#8221;Montserrat|700||on|||||&#8221; header_3_text_color=&#8221;#0f4dbc&#8221; header_3_font_size=&#8221;30px&#8221; header_3_letter_spacing=&#8221;1px&#8221; header_3_line_height=&#8221;1.4em&#8221; max_width=&#8221;700px&#8221; max_width_tablet=&#8221;100%&#8221; max_width_phone=&#8221;&#8221; max_width_last_edited=&#8221;on|tablet&#8221; custom_padding=&#8221;||||false|false&#8221; header_2_font_size_tablet=&#8221;28px&#8221; header_2_font_size_phone=&#8221;22px&#8221; header_2_font_size_last_edited=&#8221;on|phone&#8221; header_3_font_size_tablet=&#8221;28px&#8221; header_3_font_size_phone=&#8221;22px&#8221; header_3_font_size_last_edited=&#8221;on|tablet&#8221; locked=&#8221;off&#8221; global_colors_info=&#8221;{}&#8221;]<\/p>\n<h2>WE ARE ALWAYS LOOKING FOR HUMAN RESOURCES THAT BRING VALUE TO OUR COMPANY.<\/h2>\n<p>[\/et_pb_text][et_pb_text _builder_version=&#8221;4.21.0&#8243; _module_preset=&#8221;default&#8221; link_font=&#8221;|700|||||||&#8221; link_text_color=&#8221;#0f4cbc&#8221; header_2_font=&#8221;Montserrat|700||on|||||&#8221; header_2_text_color=&#8221;#404545&#8243; header_2_font_size=&#8221;16px&#8221; header_2_letter_spacing=&#8221;2px&#8221; header_2_line_height=&#8221;1.2em&#8221; header_3_font=&#8221;Montserrat|700|||||||&#8221; header_3_text_color=&#8221;#0f4dbc&#8221; header_3_font_size=&#8221;36px&#8221; header_3_line_height=&#8221;1.2em&#8221; max_width=&#8221;700px&#8221; max_width_tablet=&#8221;100%&#8221; max_width_phone=&#8221;&#8221; max_width_last_edited=&#8221;on|tablet&#8221; custom_padding=&#8221;||||false|false&#8221; header_2_font_size_tablet=&#8221;28px&#8221; header_2_font_size_phone=&#8221;18px&#8221; header_2_font_size_last_edited=&#8221;on|desktop&#8221; header_3_font_size_tablet=&#8221;28px&#8221; header_3_font_size_phone=&#8221;18px&#8221; header_3_font_size_last_edited=&#8221;on|desktop&#8221; locked=&#8221;off&#8221; global_colors_info=&#8221;{}&#8221;]<\/p>\n<p>If you are looking for job opportunities, read the open positions to apply, we are always looking for qualified people or people who are willing to learn and grow.<\/p>\n<p>Fill out the form and authorize the processing of data in compliance with the European Privacy Regulation EU\/2016\/679 (GDPR).\u200b<\/p>\n<p>[\/et_pb_text][\/et_pb_column][\/et_pb_row][\/et_pb_section][et_pb_section fb_built=&#8221;1&#8243; _builder_version=&#8221;4.17.4&#8243; _module_preset=&#8221;default&#8221; background_color=&#8221;#f6f6f6&#8243; custom_padding=&#8221;0px|||||&#8221; global_colors_info=&#8221;{}&#8221;][et_pb_row column_structure=&#8221;2_5,3_5&#8243; disabled_on=&#8221;off|off|off&#8221; _builder_version=&#8221;4.21.0&#8243; _module_preset=&#8221;default&#8221; global_colors_info=&#8221;{}&#8221;][et_pb_column type=&#8221;2_5&#8243; disabled_on=&#8221;on|on|on&#8221; _builder_version=&#8221;4.21.0&#8243; _module_preset=&#8221;default&#8221; disabled=&#8221;on&#8221; global_colors_info=&#8221;{}&#8221;][et_pb_text _builder_version=&#8221;4.21.0&#8243; _module_preset=&#8221;default&#8221; header_2_font=&#8221;Montserrat|800||on|||||&#8221; header_2_text_align=&#8221;center&#8221; header_2_text_color=&#8221;#0f47af&#8221; header_2_font_size=&#8221;30px&#8221; header_2_letter_spacing=&#8221;1px&#8221; header_2_line_height=&#8221;1.2em&#8221; header_3_font=&#8221;Kanit|500|||||||&#8221; header_3_text_color=&#8221;#0f4dbc&#8221; header_3_font_size=&#8221;28px&#8221; header_3_line_height=&#8221;1.2em&#8221; background_layout=&#8221;dark&#8221; max_width_tablet=&#8221;100%&#8221; max_width_phone=&#8221;&#8221; max_width_last_edited=&#8221;on|tablet&#8221; custom_padding=&#8221;||||false|false&#8221; header_2_font_size_tablet=&#8221;28px&#8221; header_2_font_size_phone=&#8221;22px&#8221; header_2_font_size_last_edited=&#8221;on|phone&#8221; header_3_font_size_tablet=&#8221;28px&#8221; header_3_font_size_phone=&#8221;22px&#8221; header_3_font_size_last_edited=&#8221;on|phone&#8221; locked=&#8221;off&#8221; global_colors_info=&#8221;{}&#8221;]<\/p>\n<h3>Application form<\/h3>\n<p>[\/et_pb_text][et_pb_accordion db_closeable=&#8221;on&#8221; open_toggle_text_color=&#8221;#0f4cbc&#8221; open_toggle_background_color=&#8221;#FFFFFF&#8221; closed_toggle_text_color=&#8221;#FFFFFF&#8221; closed_toggle_background_color=&#8221;#0f4cbc&#8221; _builder_version=&#8221;4.17.4&#8243; _module_preset=&#8221;default&#8221; toggle_font=&#8221;Montserrat|600|||||||&#8221; toggle_letter_spacing=&#8221;1px&#8221; body_font_size=&#8221;16px&#8221; global_colors_info=&#8221;{}&#8221;][et_pb_accordion_item title=&#8221;TORNITORE&#8221; open=&#8221;on&#8221; _builder_version=&#8221;4.17.4&#8243; _module_preset=&#8221;default&#8221; global_colors_info=&#8221;{}&#8221;]<\/p>\n<ul>\n<li>capacit\u00e0 di utilizzare tornio manuale (parallelo) e ad auto apprendimento<\/li>\n<li>conoscenza della lettura del disegno meccanico<\/li>\n<li>capacit\u00e0 di utilizzo di strumenti di controllo come calibro, micrometro, alesametro<\/li>\n<li>capacit\u00e0 di posizionamento e controllo degli utensili<\/li>\n<li>disponibilit\u00e0 a lavorare anche su 2 turni.<\/li>\n<\/ul>\n<p>[\/et_pb_accordion_item][et_pb_accordion_item title=&#8221;QUALITY MANAGER&#8221; _builder_version=&#8221;4.17.4&#8243; _module_preset=&#8221;default&#8221; global_colors_info=&#8221;{}&#8221; open=&#8221;off&#8221;]<\/p>\n<ul>\n<li>Laurea in ingegneria<\/li>\n<li>Approfondita conoscenza e gestione delle norme ISO 9001 e IATF 16949<\/li>\n<li>Capacit\u00e0 di coordinamento di gruppo di persone<\/li>\n<li>Capacit\u00e0 di tenere audit di prodotto e processo secondo le norme IATF 16949 e VDA 6.3<\/li>\n<li>Gestione dei KPI aziendali in capo alla qualit\u00e0<\/li>\n<li>Capacit\u00e0 di gestione dei rapporti con clienti e fornitori in occasione di NC<\/li>\n<li>Conoscenza dei tools automotive: FMEA, APQP, PPAP, MSA, SPC, 8D, PDCA, 6W2H, miglioramento continuo<\/li>\n<li>Conoscenza avanzata della lingua inglese, meglio se anche il tedesco anche base<\/li>\n<li>Conoscenza nell\u2019uso di pc, pacchetto office<\/li>\n<li>Forte propensione al lavoro in team<\/li>\n<li>Capacit\u00e0 di gestione dello stress<\/li>\n<li>Disponibilit\u00e0 a viaggiare anche all\u2019estero<\/li>\n<li><\/li>\n<\/ul>\n<p>[\/et_pb_accordion_item][et_pb_accordion_item title=&#8221;MANUTENTORE ELETTROMECCANICO&#8221; _builder_version=&#8221;4.17.4&#8243; _module_preset=&#8221;default&#8221; global_colors_info=&#8221;{}&#8221; open=&#8221;off&#8221;]<\/p>\n<ul>\n<li>Diploma elettronica\/elettrotecnica e\/o similari<\/li>\n<li>Competenza sulla parte elettrica di manutenzione di impianti, attrezzature ed automatismi<\/li>\n<li>Ottime capacit\u00e0 manuali, capacit\u00e0 di utilizzare attrezzature (carroponti, muletti etc.) e capacit\u00e0 di smontaggio \/ rimontaggio macchinari<\/li>\n<li>Buona conoscenza degli schemi elettrici, della quadristica elettrica e del bordo macchina<\/li>\n<li>Media conoscenza dei principi di automazione (azionamenti, inverter etc.)<\/li>\n<li>Disponibilit\u00e0 a effettuare straordinari, turni e sabati mattina<\/li>\n<li><strong>Preferibile<\/strong><span>\u00a0<\/span>conoscenza di TIA PORTAL o similari (software di programmazione)<\/li>\n<li><\/li>\n<li><\/li>\n<\/ul>\n<p>[\/et_pb_accordion_item][et_pb_accordion_item title=&#8221;MANUTENTORE MECCANICO&#8221; _builder_version=&#8221;4.17.4&#8243; _module_preset=&#8221;default&#8221; global_colors_info=&#8221;{}&#8221; open=&#8221;off&#8221;]<\/p>\n<ul>\n<li>Diploma di Perito Meccanico e\/o similari<\/li>\n<li>Competenza consolidata nella manutenzione meccanica di macchinari, preferibilmente presse meccaniche<\/li>\n<li>Capacit\u00e0 di adottare migliorie e manutenzioni preventive<\/li>\n<li>Conoscenza delle principali leggi fisiche di idraulica, fluidodinamica, meccanica<\/li>\n<li>Ottime capacit\u00e0 manuali, capacit\u00e0 di utilizzare attrezzature (carroponti, saldatrici, muletti etc.) e capacit\u00e0 di smontaggio \/ rimontaggio macchinari<\/li>\n<li>Ottima conoscenza del disegno meccanico ed idraulico<\/li>\n<li>Disponibilit\u00e0 a effettuare straordinari, turni e sabati mattina<\/li>\n<li>Capacit\u00e0 a lavorare in gruppo<\/li>\n<\/ul>\n<p>[\/et_pb_accordion_item][et_pb_accordion_item title=&#8221;PROGETTISTA&#8221; _builder_version=&#8221;4.17.4&#8243; _module_preset=&#8221;default&#8221; global_colors_info=&#8221;{}&#8221; open=&#8221;off&#8221;]<\/p>\n<ul>\n<li>Progettista esperto di stampi per la lavorazione a freddo della lamiera<\/li>\n<li>Utilizzo di CAD 3D, modelling, Solidwork, CATIA, VISI<\/li>\n<li>Capacit\u00e0 a lavorare in gruppo<\/li>\n<\/ul>\n<p>[\/et_pb_accordion_item][et_pb_accordion_item title=&#8221;FRESATORE&#8221; _builder_version=&#8221;4.17.4&#8243; _module_preset=&#8221;default&#8221; global_colors_info=&#8221;{}&#8221; open=&#8221;off&#8221;]<\/p>\n<ul>\n<li>Utilizzo fresa 3\/4\/5 assi<\/li>\n<li>Buona lettura disegno meccanico<\/li>\n<li>Utilizzo strumenti di misura<\/li>\n<li>Capacit\u00e0 a lavorare in gruppo<\/li>\n<\/ul>\n<p>[\/et_pb_accordion_item][\/et_pb_accordion][\/et_pb_column][et_pb_column type=&#8221;3_5&#8243; module_class=&#8221;iq-centra-verticale&#8221; _builder_version=&#8221;4.17.4&#8243; _module_preset=&#8221;default&#8221; global_colors_info=&#8221;{}&#8221;][et_pb_text _builder_version=&#8221;4.21.0&#8243; _module_preset=&#8221;default&#8221; header_2_font=&#8221;Montserrat|800||on|||||&#8221; header_2_text_align=&#8221;center&#8221; header_2_text_color=&#8221;#0f47af&#8221; header_2_font_size=&#8221;30px&#8221; header_2_letter_spacing=&#8221;1px&#8221; header_2_line_height=&#8221;1.2em&#8221; header_3_font=&#8221;Kanit|500|||||||&#8221; header_3_text_color=&#8221;#0f4dbc&#8221; header_3_font_size=&#8221;28px&#8221; header_3_line_height=&#8221;1.2em&#8221; background_layout=&#8221;dark&#8221; max_width_tablet=&#8221;100%&#8221; max_width_phone=&#8221;&#8221; max_width_last_edited=&#8221;on|tablet&#8221; custom_padding=&#8221;||||false|false&#8221; custom_padding_tablet=&#8221;5%||||false|false&#8221; custom_padding_phone=&#8221;5%||||false|false&#8221; custom_padding_last_edited=&#8221;on|desktop&#8221; header_2_font_size_tablet=&#8221;28px&#8221; header_2_font_size_phone=&#8221;22px&#8221; header_2_font_size_last_edited=&#8221;on|phone&#8221; header_3_font_size_tablet=&#8221;28px&#8221; header_3_font_size_phone=&#8221;22px&#8221; header_3_font_size_last_edited=&#8221;on|phone&#8221; locked=&#8221;off&#8221; global_colors_info=&#8221;{}&#8221;]<\/p>\n<h3>Application form<\/h3>\n<p>[\/et_pb_text][et_pb_text _builder_version=&#8221;4.21.0&#8243; _module_preset=&#8221;default&#8221; background_enable_color=&#8221;off&#8221; global_colors_info=&#8221;{}&#8221;]<\/p>\n<p>[fc id=&#8217;4&#8242;][\/fc]<\/p>\n<p>[\/et_pb_text][\/et_pb_column][\/et_pb_row][\/et_pb_section]<\/p>\n","protected":false},"excerpt":{"rendered":"<p>WORK WITH UnickaWE ARE ALWAYS LOOKING FOR HUMAN RESOURCES THAT BRING VALUE TO OUR COMPANY.If you are looking for job opportunities, read the open positions to apply, we are always looking for qualified people or people who are willing to learn and grow. Fill out the form and authorize the processing of data in compliance [&hellip;]<\/p>\n","protected":false},"author":3,"featured_media":0,"parent":0,"menu_order":0,"comment_status":"closed","ping_status":"closed","template":"","meta":{"_et_pb_use_builder":"on","_et_pb_old_content":"","_et_gb_content_width":"","footnotes":""},"class_list":["post-15709","page","type-page","status-publish","hentry"],"_links":{"self":[{"href":"https:\/\/www.unicka.it\/en\/wp-json\/wp\/v2\/pages\/15709","targetHints":{"allow":["GET"]}}],"collection":[{"href":"https:\/\/www.unicka.it\/en\/wp-json\/wp\/v2\/pages"}],"about":[{"href":"https:\/\/www.unicka.it\/en\/wp-json\/wp\/v2\/types\/page"}],"author":[{"embeddable":true,"href":"https:\/\/www.unicka.it\/en\/wp-json\/wp\/v2\/users\/3"}],"replies":[{"embeddable":true,"href":"https:\/\/www.unicka.it\/en\/wp-json\/wp\/v2\/comments?post=15709"}],"version-history":[{"count":12,"href":"https:\/\/www.unicka.it\/en\/wp-json\/wp\/v2\/pages\/15709\/revisions"}],"predecessor-version":[{"id":16132,"href":"https:\/\/www.unicka.it\/en\/wp-json\/wp\/v2\/pages\/15709\/revisions\/16132"}],"wp:attachment":[{"href":"https:\/\/www.unicka.it\/en\/wp-json\/wp\/v2\/media?parent=15709"}],"curies":[{"name":"wp","href":"https:\/\/api.w.org\/{rel}","templated":true}]}}